{"id":264,"date":"2022-10-29T11:29:56","date_gmt":"2022-10-29T11:29:56","guid":{"rendered":"http:\/\/cyborg-consulting.de\/?page_id=264"},"modified":"2026-04-06T15:31:48","modified_gmt":"2026-04-06T15:31:48","slug":"u%cc%88ber-uns","status":"publish","type":"page","link":"https:\/\/cyborg-consulting.de\/fr\/u%cc%88ber-uns\/","title":{"rendered":"A propos de nous"},"content":{"rendered":"<div class=\"brz-root__container brz-reset-all brz brz-root__container-page\">\n<section id=\"_ejowkknwpanwtlgthsceowbzzpzygamfcrpi\" class=\"brz-section brz-css-12n4vad\">\n<div class=\"brz-section__content brz-section--boxed brz-css-11jvmav brz-css-wwlm2m\" data-brz-custom-id=\"wqzdykqugpiuoioarzuonyqcyieeqytvqliy\">\n<div class=\"brz-bg\">\n<div class=\"brz-bg-color\"><\/div>\n<\/div>\n<div class=\"brz-container brz-css-1ypn818\">\n<div class=\"brz-row__container brz-css-r9dnit brz-css-1lzxueh\" data-brz-custom-id=\"dlnmiacmfekwqplncxtrqzrmnuzofqesujde\">\n<div class=\"brz-bg\"><\/div>\n<div class=\"brz-row brz-css-48s9hv brz-css-dpxiso\">\n<div class=\"brz-columns brz-css-iq3her brz-css-csa3z7\" data-brz-custom-id=\"xnypcyupguyaieccvizhxutityukrpqoccax\">\n<div class=\"brz-bg\"><\/div>\n<div class=\"brz-column__items brz-css-j6m9qb brz-css-7nvqba\">\n<div id=\"\" class=\"brz-css-1leu5dh brz-css-3b0ibc brz-wrapper\">\n<div class=\"brz-rich-text brz-rich-text__custom brz-css-1uyefff\" data-brz-custom-id=\"lifnkqlonmibqxcxkjdirtwvqwyvwsqukqus\">\n<div data-brz-translate-text=\"1\">\n<h2 class=\"brz-tp-lg-heading2 brz-text-xs-center brz-css-vnjBU\" data-uniq-id=\"yntac\" data-generated-css=\"brz-css-iozwm\"><span class=\"brz-cp-color2\">En savoir plus sur qui nous sommes et ce que nous faisons ?<\/span><\/h2>\n<\/div>\n<\/div>\n<\/div>\n<div id=\"\" class=\"brz-css-1leu5dh brz-css-4i0p9h brz-css-q6e2td brz-wrapper\">\n<div class=\"brz-spacer brz-css-1x31mgi brz-css-3byb24\"><\/div>\n<\/div>\n<div id=\"\" class=\"brz-css-1leu5dh brz-css-sxt0te brz-wrapper\">\n<div class=\"brz-rich-text brz-rich-text__custom brz-css-1uyefff\" data-brz-custom-id=\"nidjeooagvdmxppomqlxsecuedfeeggqopad\">\n<div data-brz-translate-text=\"1\">\n<p class=\"brz-tp-lg-paragraph brz-text-xs-center brz-css-rNcU7\" data-generated-css=\"brz-css-rvpec\" data-uniq-id=\"ekszc\"><span class=\"brz-cp-color2\">Cyborg est une start-up g\u00e9r\u00e9e par ses propri\u00e9taires et fond\u00e9e \u00e0 Karlsruhe par des d\u00e9veloppeurs de logiciels exp\u00e9riment\u00e9s.<\/span><\/p>\n<p class=\"brz-tp-lg-paragraph brz-text-xs-center brz-css-kWVdG\" data-generated-css=\"brz-css-omfbb\" data-uniq-id=\"khywa\"><span class=\"brz-cp-color2\">Nous sommes un groupe d'experts form\u00e9s qui se passionnent pour la transformation num\u00e9rique dans diff\u00e9rentes entreprises. Notre objectif est de permettre \u00e0 chacun de vivre la magie de la num\u00e9risation &amp;#8211 ; lorsqu'elle est bien ex\u00e9cut\u00e9e. Nous ne travaillons pas seulement pour nos clients, mais aussi et surtout avec eux. Nous voulons comprendre, suivre, mais aussi conseiller.<\/span><\/p>\n<p class=\"brz-tp-lg-paragraph brz-text-xs-center brz-css-uWcku\" data-generated-css=\"brz-css-psrqc\" data-uniq-id=\"bedpn\"><span class=\"brz-cp-color2\">Nous avons les outils, nous sommes flexibles et nous surprenons par notre cr\u00e9ativit\u00e9 particuli\u00e8re, n\u00e9cessaire pour transformer ton entreprise !<\/span><\/p>\n<p class=\"brz-tp-lg-paragraph brz-text-xs-center brz-css-ozQhv\" data-generated-css=\"brz-css-byopm\" data-uniq-id=\"ngimn\"><span class=\"brz-cp-color2\">Nous nous ferons un plaisir de te convaincre lors d'un entretien gratuit et sans engagement.<\/span><\/p>\n<\/div>\n<\/div>\n<\/div>\n<div id=\"\" class=\"brz-css-1leu5dh brz-css-4i0p9h brz-css-uc4eio brz-wrapper\">\n<div class=\"brz-spacer brz-css-1x31mgi brz-css-1u6czgp\"><\/div>\n<\/div>\n<div class=\"brz-wrapper-clone brz-css-144ivjo\">\n<div class=\"brz-d-xs-flex brz-flex-xs-wrap brz-css-1a5y3as brz-css-q7ndu7\" data-brz-custom-id=\"\">\n<div class=\"brz-wrapper-clone__item\" id=\"sejftspyozdcyxncdoydabslqsaxemfynvee\"><a class=\"brz-a brz-btn brz-css-1szo6gc brz-css-1giwx77 brz-css-zz15dt brz-css-1q1g51i\" href=\"\" target=\"_self\" rel=\"noopener\" data-brz-link-type=\"external\" data-brz-custom-id=\"sejftspyozdcyxncdoydabslqsaxemfynvee\"><span data-brz-translate-text=\"1\" class=\"brz-span brz-text__editor\">Prendre contact<\/span><\/a><\/div>\n<\/div>\n<\/div>\n<\/div>\n<\/div>\n<div class=\"brz-columns brz-css-iq3her brz-css-kodxlu\" data-brz-custom-id=\"eufvzglxccdtkihgzwbytcmqteojbjemvwmz\">\n<div class=\"brz-bg\"><\/div>\n<div class=\"brz-column__items brz-css-j6m9qb brz-css-1s872qw\">\n<div id=\"\" class=\"brz-css-1leu5dh brz-wrapper\">\n<div class=\"brz-image brz-css-1cecsvd\" data-brz-custom-id=\"nnrtjypfounnlihmutljpqdoluhiqpetdoqz\"><img class=\"brz-img\" src=\"https:\/\/cyborg-consulting.de\/wp-content\/uploads\/brizy\/imgs\/robot-png-33294-484x614x18x0x448x614x1667238512.png\" alt=\"\" loading=\"lazy\"><\/div>\n<\/div>\n<\/div>\n<\/div>\n<\/div>\n<\/div>\n<\/div>\n<\/div>\n<\/section>\n<section id=\"_jncmmoqaloigopaoaqgenkoyzoqjvloyrxqk\" class=\"brz-section brz-css-12n4vad\">\n<div class=\"brz-section__content brz-section--boxed brz-css-11jvmav brz-css-1llruby\" data-brz-custom-id=\"wgtcifyrpzsggayezsunfdhjpbosvzewfhpb\">\n<div class=\"brz-bg\">\n<div class=\"brz-bg-image\"><\/div>\n<div class=\"brz-bg-color\"><\/div>\n<\/div>\n<div class=\"brz-container brz-css-1ypn818 brz-css-11kmig1\">\n<div class=\"brz-row__container brz-css-r9dnit\" data-brz-custom-id=\"pufqazjotqdgotlgdglmhfnlciwnldtqzwit\">\n<div class=\"brz-bg\"><\/div>\n<div class=\"brz-row brz-css-48s9hv brz-css-dpxiso\">\n<div class=\"brz-columns brz-css-iq3her brz-css-jnp2np\" data-brz-custom-id=\"fswmeyaywblrgseuolosaihtuzaywzokaqwq\">\n<div class=\"brz-bg\">\n<div class=\"brz-bg-color\"><\/div>\n<\/div>\n<div class=\"brz-column__items brz-css-j6m9qb brz-css-17x1xuz\">\n<div id=\"\" class=\"brz-css-1leu5dh brz-css-4i0p9h brz-wrapper\">\n<div class=\"brz-spacer brz-css-1x31mgi\"><\/div>\n<\/div>\n<div id=\"\" class=\"brz-css-1leu5dh brz-wrapper\">\n<div class=\"brz-rich-text brz-rich-text__custom brz-css-1uyefff\" data-brz-custom-id=\"dfdrrpuqyrhomkndlvraeajnhwrphlndcsgs\">\n<div data-brz-translate-text=\"1\">\n<h2 class=\"brz-tp-lg-heading2 brz-text-lg-center brz-css-sR3Rt\" data-uniq-id=\"gndrj\" data-generated-css=\"brz-css-fcxsd\"><strong class=\"brz-cp-color8\">NOUS PENSONS NUM\u00c9RIQUE.<\/strong><\/h2>\n<\/div>\n<\/div>\n<\/div>\n<div id=\"\" class=\"brz-css-1leu5dh brz-css-4i0p9h brz-css-8xtq0l brz-wrapper\">\n<div class=\"brz-spacer brz-css-1x31mgi brz-css-xmj19i\"><\/div>\n<\/div>\n<div id=\"\" class=\"brz-css-1leu5dh brz-wrapper\">\n<div class=\"brz-rich-text brz-rich-text__custom brz-css-1uyefff\" data-brz-custom-id=\"hgubcaukfhbwamplcbckiaszbfyobtkxwght\">\n<div data-brz-translate-text=\"1\">\n<h3 class=\"brz-text-lg-center brz-tp-lg-heading3 brz-css-j8Ck5\" data-uniq-id=\"rmrvg\" data-generated-css=\"brz-css-enarw\"><span class=\"brz-cp-color8\">PAS SEULEMENT SUR LE PAPIER.<\/span><\/h3>\n<\/div>\n<\/div>\n<\/div>\n<div id=\"\" class=\"brz-css-1leu5dh brz-css-4i0p9h brz-css-lgohlu brz-wrapper\">\n<div class=\"brz-spacer brz-css-1x31mgi brz-css-1pyoim0\"><\/div>\n<\/div>\n<div class=\"brz-wrapper-clone brz-css-144ivjo\">\n<div class=\"brz-d-xs-flex brz-flex-xs-wrap brz-css-1a5y3as\" data-brz-custom-id=\"\">\n<div class=\"brz-wrapper-clone__item\" id=\"xzokrvtcaxufcaxnqzkotstaligrmuwynhsu\"><a class=\"brz-a brz-btn brz-css-1szo6gc brz-css-1aaovyb brz-css-zz15dt brz-css-fz7ij4\" href=\"\" target=\"_self\" rel=\"noopener\" data-brz-link-type=\"external\" data-brz-custom-id=\"xzokrvtcaxufcaxnqzkotstaligrmuwynhsu\"><span data-brz-translate-text=\"1\" class=\"brz-span brz-text__editor\">Prendre contact<\/span><\/a><\/div>\n<\/div>\n<\/div>\n<div id=\"\" class=\"brz-css-1leu5dh brz-css-4i0p9h brz-wrapper\">\n<div class=\"brz-spacer brz-css-1x31mgi\"><\/div>\n<\/div>\n<\/div>\n<\/div>\n<\/div>\n<\/div>\n<\/div>\n<\/div>\n<\/section>\n<\/div>\n<p>    <!-- version:1737057747 --><\/p>","protected":false},"excerpt":{"rendered":"<p>Erfahre mehr, wer wir sind und was wir tun? Cyborg ist ein inhabergef\u00fchrtes Startup, welches von erfahrenen Software-Entwicklern in Karlsruhe gegr\u00fcndet wurde. Wir sind eine Gruppe von ausgebildeten Experten, die sich leidenschaftlich f\u00fcr die digitale Transformation in unterschiedlichen Unternehmen einsetzt. Unser Ziel ist es, jeden die Magie der Digitalisierung erleben zu lassen &#8211; wenn sie [&hellip;]<\/p>\n","protected":false},"author":1,"featured_media":0,"parent":0,"menu_order":0,"comment_status":"closed","ping_status":"closed","template":"brizy-blank-template.php","meta":{"_themeisle_gutenberg_block_has_review":false},"blocksy_meta":{"styles_descriptor":{"styles":{"desktop":"","tablet":"","mobile":""},"google_fonts":[],"version":6}},"yoast_head":"<!-- This site is optimized with the Yoast SEO plugin v20.6 - https:\/\/yoast.com\/wordpress\/plugins\/seo\/ -->\n<title>U\u0308ber uns - Individuelle Softwarel\u00f6sungen &amp; Tech Personalberatung<\/title>\n<meta name=\"robots\" content=\"index, follow, max-snippet:-1, max-image-preview:large, max-video-preview:-1\" \/>\n<link rel=\"canonical\" href=\"http:\/\/cyborg-consulting.de\/fr\/u\u0308ber-uns\/\" \/>\n<meta property=\"og:locale\" content=\"fr_FR\" \/>\n<meta property=\"og:type\" content=\"article\" \/>\n<meta property=\"og:title\" content=\"U\u0308ber uns - Individuelle Softwarel\u00f6sungen &amp; Tech Personalberatung\" \/>\n<meta property=\"og:description\" content=\"Erfahre mehr, wer wir sind und was wir tun? Cyborg ist ein inhabergef\u00fchrtes Startup, welches von erfahrenen Software-Entwicklern in Karlsruhe gegr\u00fcndet wurde. Wir sind eine Gruppe von ausgebildeten Experten, die sich leidenschaftlich f\u00fcr die digitale Transformation in unterschiedlichen Unternehmen einsetzt. Unser Ziel ist es, jeden die Magie der Digitalisierung erleben zu lassen &#8211; wenn sie [&hellip;]\" \/>\n<meta property=\"og:url\" content=\"http:\/\/cyborg-consulting.de\/fr\/u\u0308ber-uns\/\" \/>\n<meta property=\"og:site_name\" content=\"Individuelle Softwarel\u00f6sungen &amp; Tech Personalberatung\" \/>\n<meta property=\"article:modified_time\" content=\"2026-04-06T15:31:48+00:00\" \/>\n<meta property=\"og:image\" content=\"https:\/\/cyborg-consulting.de\/wp-content\/uploads\/brizy\/imgs\/robot-png-33294-484x614x18x0x448x614x1667238512.png\" \/>\n<meta name=\"twitter:card\" content=\"summary_large_image\" \/>\n<meta name=\"twitter:label1\" content=\"Dur\u00e9e de lecture estim\u00e9e\" \/>\n\t<meta name=\"twitter:data1\" content=\"1 minute\" \/>\n<script type=\"application\/ld+json\" class=\"yoast-schema-graph\">{\"@context\":\"https:\/\/schema.org\",\"@graph\":[{\"@type\":\"WebPage\",\"@id\":\"http:\/\/cyborg-consulting.de\/en\/u%cc%88ber-uns\/\",\"url\":\"http:\/\/cyborg-consulting.de\/en\/u%cc%88ber-uns\/\",\"name\":\"U\u0308ber uns - Individuelle Softwarel\u00f6sungen &amp; Tech Personalberatung\",\"isPartOf\":{\"@id\":\"https:\/\/cyborg-consulting.de\/#website\"},\"datePublished\":\"2022-10-29T11:29:56+00:00\",\"dateModified\":\"2026-04-06T15:31:48+00:00\",\"breadcrumb\":{\"@id\":\"http:\/\/cyborg-consulting.de\/en\/u%cc%88ber-uns\/#breadcrumb\"},\"inLanguage\":\"fr-FR\",\"potentialAction\":[{\"@type\":\"ReadAction\",\"target\":[\"http:\/\/cyborg-consulting.de\/en\/u%cc%88ber-uns\/\"]}]},{\"@type\":\"BreadcrumbList\",\"@id\":\"http:\/\/cyborg-consulting.de\/en\/u%cc%88ber-uns\/#breadcrumb\",\"itemListElement\":[{\"@type\":\"ListItem\",\"position\":1,\"name\":\"Home\",\"item\":\"https:\/\/cyborg-consulting.de\/\"},{\"@type\":\"ListItem\",\"position\":2,\"name\":\"U\u0308ber uns\"}]},{\"@type\":\"WebSite\",\"@id\":\"https:\/\/cyborg-consulting.de\/#website\",\"url\":\"https:\/\/cyborg-consulting.de\/\",\"name\":\"Individuelle Softwarel\u00f6sungen &amp; Tech Personalberatung\",\"description\":\"Eine andere WordPress-Site.\",\"publisher\":{\"@id\":\"https:\/\/cyborg-consulting.de\/#organization\"},\"potentialAction\":[{\"@type\":\"SearchAction\",\"target\":{\"@type\":\"EntryPoint\",\"urlTemplate\":\"https:\/\/cyborg-consulting.de\/?s={search_term_string}\"},\"query-input\":\"required name=search_term_string\"}],\"inLanguage\":\"fr-FR\"},{\"@type\":\"Organization\",\"@id\":\"https:\/\/cyborg-consulting.de\/#organization\",\"name\":\"CybOrg Consulting\",\"url\":\"https:\/\/cyborg-consulting.de\/\",\"logo\":{\"@type\":\"ImageObject\",\"inLanguage\":\"fr-FR\",\"@id\":\"https:\/\/cyborg-consulting.de\/#\/schema\/logo\/image\/\",\"url\":\"https:\/\/cyborg-consulting.de\/wp-content\/uploads\/2022\/11\/logo-1-1.png\",\"contentUrl\":\"https:\/\/cyborg-consulting.de\/wp-content\/uploads\/2022\/11\/logo-1-1.png\",\"width\":250,\"height\":150,\"caption\":\"CybOrg Consulting\"},\"image\":{\"@id\":\"https:\/\/cyborg-consulting.de\/#\/schema\/logo\/image\/\"}}]}<\/script>\n<!-- \/ Yoast SEO plugin. -->","yoast_head_json":{"title":"U\u0308ber uns - Individuelle Softwarel\u00f6sungen &amp; Tech Personalberatung","robots":{"index":"index","follow":"follow","max-snippet":"max-snippet:-1","max-image-preview":"max-image-preview:large","max-video-preview":"max-video-preview:-1"},"canonical":"http:\/\/cyborg-consulting.de\/fr\/u\u0308ber-uns\/","og_locale":"fr_FR","og_type":"article","og_title":"U\u0308ber uns - Individuelle Softwarel\u00f6sungen &amp; Tech Personalberatung","og_description":"Erfahre mehr, wer wir sind und was wir tun? Cyborg ist ein inhabergef\u00fchrtes Startup, welches von erfahrenen Software-Entwicklern in Karlsruhe gegr\u00fcndet wurde. Wir sind eine Gruppe von ausgebildeten Experten, die sich leidenschaftlich f\u00fcr die digitale Transformation in unterschiedlichen Unternehmen einsetzt. Unser Ziel ist es, jeden die Magie der Digitalisierung erleben zu lassen &#8211; wenn sie [&hellip;]","og_url":"http:\/\/cyborg-consulting.de\/fr\/u\u0308ber-uns\/","og_site_name":"Individuelle Softwarel\u00f6sungen &amp; Tech Personalberatung","article_modified_time":"2026-04-06T15:31:48+00:00","og_image":[{"url":"https:\/\/cyborg-consulting.de\/wp-content\/uploads\/brizy\/imgs\/robot-png-33294-484x614x18x0x448x614x1667238512.png"}],"twitter_card":"summary_large_image","twitter_misc":{"Dur\u00e9e de lecture estim\u00e9e":"1 minute"},"schema":{"@context":"https:\/\/schema.org","@graph":[{"@type":"WebPage","@id":"http:\/\/cyborg-consulting.de\/en\/u%cc%88ber-uns\/","url":"http:\/\/cyborg-consulting.de\/en\/u%cc%88ber-uns\/","name":"U\u0308ber uns - Individuelle Softwarel\u00f6sungen &amp; Tech Personalberatung","isPartOf":{"@id":"https:\/\/cyborg-consulting.de\/#website"},"datePublished":"2022-10-29T11:29:56+00:00","dateModified":"2026-04-06T15:31:48+00:00","breadcrumb":{"@id":"http:\/\/cyborg-consulting.de\/en\/u%cc%88ber-uns\/#breadcrumb"},"inLanguage":"fr-FR","potentialAction":[{"@type":"ReadAction","target":["http:\/\/cyborg-consulting.de\/en\/u%cc%88ber-uns\/"]}]},{"@type":"BreadcrumbList","@id":"http:\/\/cyborg-consulting.de\/en\/u%cc%88ber-uns\/#breadcrumb","itemListElement":[{"@type":"ListItem","position":1,"name":"Home","item":"https:\/\/cyborg-consulting.de\/"},{"@type":"ListItem","position":2,"name":"U\u0308ber uns"}]},{"@type":"WebSite","@id":"https:\/\/cyborg-consulting.de\/#website","url":"https:\/\/cyborg-consulting.de\/","name":"Solutions logicielles personnalis\u00e9es &amp; Tech Conseil en ressources humaines","description":"Un autre site WordPress.","publisher":{"@id":"https:\/\/cyborg-consulting.de\/#organization"},"potentialAction":[{"@type":"SearchAction","target":{"@type":"EntryPoint","urlTemplate":"https:\/\/cyborg-consulting.de\/?s={search_term_string}"},"query-input":"required name=search_term_string"}],"inLanguage":"fr-FR"},{"@type":"Organization","@id":"https:\/\/cyborg-consulting.de\/#organization","name":"CybOrg Consulting","url":"https:\/\/cyborg-consulting.de\/","logo":{"@type":"ImageObject","inLanguage":"fr-FR","@id":"https:\/\/cyborg-consulting.de\/#\/schema\/logo\/image\/","url":"https:\/\/cyborg-consulting.de\/wp-content\/uploads\/2022\/11\/logo-1-1.png","contentUrl":"https:\/\/cyborg-consulting.de\/wp-content\/uploads\/2022\/11\/logo-1-1.png","width":250,"height":150,"caption":"CybOrg Consulting"},"image":{"@id":"https:\/\/cyborg-consulting.de\/#\/schema\/logo\/image\/"}}]}},"brizy_media":[{"id":169,"url":"https:\/\/cyborg-consulting.de\/wp-content\/uploads\/2022\/10\/56d559f711865d941b7c4fe7526af29e.jpg","name":"56d559f711865d941b7c4fe7526af29e.jpg","meta":{"brizy_attachment_uid":"56d559f711865d941b7c4fe7526af29e.jpg","brizy_post_uid":["53cc8eddf4f1834781b94c931798cb5b","8feabb48c38d61f331c289336042873c"]}},{"id":325,"url":"https:\/\/cyborg-consulting.de\/wp-content\/uploads\/2022\/10\/pexels-fauxels-3183181-scaled.jpg","name":"pexels-fauxels-3183181.jpg","meta":{"brizy_attachment_uid":"wp-8c6bdded2ff5f52d7938558feab57b70.jpg","brizy_post_uid":["53cc8eddf4f1834781b94c931798cb5b"]}},{"id":326,"url":"https:\/\/cyborg-consulting.de\/wp-content\/uploads\/2022\/10\/pexels-fauxels-3183179-scaled.jpg","name":"pexels-fauxels-3183179.jpg","meta":{"brizy_attachment_uid":"wp-f054edec51967e23c529816948033ebf.jpg","brizy_post_uid":["53cc8eddf4f1834781b94c931798cb5b","e483fcea935d1ee606679855726c95ae"]}},{"id":334,"url":"https:\/\/cyborg-consulting.de\/wp-content\/uploads\/2022\/10\/robot-png-33294.png","name":"robot-png-33294.png","meta":{"brizy_attachment_uid":"wp-c4bdb9e535b3f7685eb47da6aa5901fd.png","brizy_post_uid":["53cc8eddf4f1834781b94c931798cb5b","6b865a3dcd02f07c8cbbf9a87daca925","a48f2e457627a9bb735c9340d85bbcd7"]}},{"id":372,"url":"https:\/\/cyborg-consulting.de\/wp-content\/uploads\/2022\/10\/pexels-fauxels-3184293-scaled.jpg","name":"pexels-fauxels-3184293.jpg","meta":{"brizy_attachment_uid":"wp-558ed9aa482f8fe10cbfcf77fc066404.jpg","brizy_post_uid":["53cc8eddf4f1834781b94c931798cb5b"]}}],"_links":{"self":[{"href":"https:\/\/cyborg-consulting.de\/fr\/wp-json\/wp\/v2\/pages\/264"}],"collection":[{"href":"https:\/\/cyborg-consulting.de\/fr\/wp-json\/wp\/v2\/pages"}],"about":[{"href":"https:\/\/cyborg-consulting.de\/fr\/wp-json\/wp\/v2\/types\/page"}],"author":[{"embeddable":true,"href":"https:\/\/cyborg-consulting.de\/fr\/wp-json\/wp\/v2\/users\/1"}],"replies":[{"embeddable":true,"href":"https:\/\/cyborg-consulting.de\/fr\/wp-json\/wp\/v2\/comments?post=264"}],"version-history":[{"count":14,"href":"https:\/\/cyborg-consulting.de\/fr\/wp-json\/wp\/v2\/pages\/264\/revisions"}],"predecessor-version":[{"id":1883,"href":"https:\/\/cyborg-consulting.de\/fr\/wp-json\/wp\/v2\/pages\/264\/revisions\/1883"}],"wp:attachment":[{"href":"https:\/\/cyborg-consulting.de\/fr\/wp-json\/wp\/v2\/media?parent=264"}],"curies":[{"name":"wp","href":"https:\/\/api.w.org\/{rel}","templated":true}]}}