{"id":262,"date":"2022-10-29T11:29:24","date_gmt":"2022-10-29T11:29:24","guid":{"rendered":"http:\/\/cyborg-consulting.de\/?page_id=262"},"modified":"2026-04-06T16:30:57","modified_gmt":"2026-04-06T16:30:57","slug":"impressum","status":"publish","type":"page","link":"https:\/\/cyborg-consulting.de\/fr\/impressum\/","title":{"rendered":"Mentions l\u00e9gales"},"content":{"rendered":"<div class=\"brz-root__container brz-reset-all brz brz-root__container-page\">\n<section id=\"_wedqrllhzaxbtlxidgripnexyullsfaabodd\" class=\"brz-section brz-css-189os0j\">\n<div class=\"brz-section__content brz-section--boxed brz-css-1dzd686 brz-css-1eyn8ey\" data-brz-custom-id=\"tvfcmvuzjyqppwnqwvvxilbdizolwrqaiteq\">\n<div class=\"brz-container brz-css-1kg1hpd brz-css-y6f24h\">\n<div class=\"brz-row__container brz-css-26cto4\" data-brz-custom-id=\"gqddoyuvrgbvgpfldwpxbbzhkanxduydqaxb\">\n<div class=\"brz-bg\"><\/div>\n<div class=\"brz-row brz-css-ke7eiw brz-css-1ihoczo\">\n<div class=\"brz-columns brz-css-9i1da2 brz-css-dv1i4h\" data-brz-custom-id=\"oaouvdmbgkohmykjbswzbemdiysqhrgugnuf\">\n<div class=\"brz-bg\"><\/div>\n<div class=\"brz-column__items brz-css-1lmnedq brz-css-1tj9nc5\">\n<div id=\"\" class=\"brz-css-186kvmq brz-css-1j4pj8f brz-css-xh2bbb brz-wrapper\">\n<div class=\"brz-spacer brz-css-1r5yg2g brz-css-1kswroa\"><\/div>\n<\/div>\n<div id=\"\" class=\"brz-css-186kvmq brz-css-1xtsk9w brz-wrapper\">\n<div class=\"brz-rich-text brz-rich-text__custom brz-css-10vtfmu\" data-brz-custom-id=\"liivmfxnwnwgzlslxkqwxafpummrhxgtgrud\">\n<div data-brz-translate-text=\"1\">\n<h2 class=\"brz-tp-lg-heading2 brz-css-tSJ4c\" data-generated-css=\"brz-css-vfhza\" data-uniq-id=\"odvma\"><span class=\"brz-cp-color2\">Anschrift<\/span><\/h2>\n<\/div>\n<\/div>\n<\/div>\n<div id=\"\" class=\"brz-css-186kvmq brz-css-sovl19 brz-wrapper\">\n<div class=\"brz-rich-text brz-rich-text__custom brz-css-10vtfmu\" data-brz-custom-id=\"xjgzoauvvsrinnzgxyrpjnnntkpkfczcttxn\">\n<div data-brz-translate-text=\"1\">\n<p class=\"brz-bcp-color2 brz-tp-lg-paragraph brz-css-nfPAF\" data-generated-css=\"brz-css-jzjqa\" data-uniq-id=\"dpogh\"><strong class=\"brz-cp-color2\">Altea Solutions GmbH<\/strong><\/p>\n<\/div>\n<\/div>\n<\/div>\n<div class=\"brz-row__container brz-css-26cto4\" data-brz-custom-id=\"lehymzooqnqmubfcpdaumbafrqhqzskjnfyr\">\n<div class=\"brz-bg\"><\/div>\n<div class=\"brz-row brz-row--inner brz-css-ke7eiw brz-css-t77sdg\">\n<div class=\"brz-columns brz-css-9i1da2 brz-css-1p5uvoe\" data-brz-custom-id=\"syozahjmrgnuxcrsyhpuaukdzehzszpnlddt\">\n<div class=\"brz-bg\"><\/div>\n<div class=\"brz-column__items brz-css-1lmnedq brz-css-1kqsolz\">\n<div class=\"brz-wrapper-clone brz-css-1uyd7fl brz-css-1djtj7h\">\n<div class=\"brz-d-xs-flex brz-flex-xs-wrap brz-css-pooa56\" data-brz-custom-id=\"\">\n<div class=\"brz-wrapper-clone__item\" id=\"ffwikbumqyqybhgdwjuqgmmqvbpjqwzgcgxn\">\n<div class=\"brz-icon__container\" data-brz-custom-id=\"ffwikbumqyqybhgdwjuqgmmqvbpjqwzgcgxn\"><span class=\"brz-icon brz-span brz-css-1105ifp brz-css-67wsdx\"><svg class=\"brz-icon-svg align-[initial]\"><\/svg><\/span><\/div>\n<\/div>\n<\/div>\n<\/div>\n<\/div>\n<\/div>\n<div class=\"brz-columns brz-css-9i1da2 brz-css-xhytzq\" data-brz-custom-id=\"nherizeuoamknqjmomrqgwpbvbwdskybwoaj\">\n<div class=\"brz-bg\"><\/div>\n<div class=\"brz-column__items brz-css-1lmnedq brz-css-16tspb0\">\n<div id=\"\" class=\"brz-css-186kvmq brz-css-g4zs36 brz-wrapper\">\n<div class=\"brz-rich-text brz-rich-text__custom brz-css-10vtfmu\" data-brz-custom-id=\"hbonaxymzmqiyetzbmpyxheipsbuoawrgbqc\">\n<div data-brz-translate-text=\"1\">\n<p class=\"brz-tp-lg-paragraph brz-css-dzKSN\" data-generated-css=\"brz-css-jdlrv\" data-uniq-id=\"jxvea\"><span>Lachnerstr.16, 76131 Karlsruhe, Deutschland<\/span><\/p>\n<\/div>\n<\/div>\n<\/div>\n<\/div>\n<\/div>\n<\/div>\n<\/div>\n<div class=\"brz-row__container brz-css-26cto4\" data-brz-custom-id=\"gaaqizlsjakdcolrwtyhwclqixvmlobkhxjj\">\n<div class=\"brz-bg\"><\/div>\n<div class=\"brz-row brz-row--inner brz-css-ke7eiw brz-css-10fkj9u\">\n<div class=\"brz-columns brz-css-9i1da2 brz-css-1hic1lq\" data-brz-custom-id=\"mvthsazekvlipwypdzvyjarkycvoexqhonkq\">\n<div class=\"brz-bg\"><\/div>\n<div class=\"brz-column__items brz-css-1lmnedq brz-css-1i9e5o3\">\n<div class=\"brz-wrapper-clone brz-css-1uyd7fl brz-css-1k67t13\">\n<div class=\"brz-d-xs-flex brz-flex-xs-wrap brz-css-pooa56\" data-brz-custom-id=\"\">\n<div class=\"brz-wrapper-clone__item\" id=\"paoulksppogkbsupranldmgtlytwvygohtcg\">\n<div class=\"brz-icon__container\" data-brz-custom-id=\"paoulksppogkbsupranldmgtlytwvygohtcg\"><span class=\"brz-icon brz-span brz-css-1105ifp brz-css-z6vivs\"><svg class=\"brz-icon-svg align-[initial]\"><\/svg><\/span><\/div>\n<\/div>\n<\/div>\n<\/div>\n<\/div>\n<\/div>\n<div class=\"brz-columns brz-css-9i1da2 brz-css-1y0qg45\" data-brz-custom-id=\"eeoucapgitvekffjanhstbakgolcrsgpxfrp\">\n<div class=\"brz-bg\"><\/div>\n<div class=\"brz-column__items brz-css-1lmnedq brz-css-weiy8q\">\n<div id=\"\" class=\"brz-css-186kvmq brz-css-1twy38a brz-wrapper\">\n<div class=\"brz-rich-text brz-rich-text__custom brz-css-10vtfmu\" data-brz-custom-id=\"ljlgvbeeezohwmzijlxlcqeokykypbvkzwgs\">\n<div data-brz-translate-text=\"1\">\n<p class=\"brz-tp-lg-paragraph brz-bcp-color2 brz-css-vLFT3\" data-uniq-id=\"rzshz\" data-generated-css=\"brz-css-utapb\"><span class=\"brz-cp-color2\"> 017656562458<\/span><\/p>\n<\/div>\n<\/div>\n<\/div>\n<\/div>\n<\/div>\n<\/div>\n<\/div>\n<div class=\"brz-row__container brz-css-26cto4\" data-brz-custom-id=\"tidthxeouxucexqouswbcfulkitzsozcanrw\">\n<div class=\"brz-bg\"><\/div>\n<div class=\"brz-row brz-row--inner brz-css-ke7eiw brz-css-55sl6h\">\n<div class=\"brz-columns brz-css-9i1da2 brz-css-1pmsdn6\" data-brz-custom-id=\"ysmudbsacqvkniyewiolaidvuiyfyxvtfobf\">\n<div class=\"brz-bg\"><\/div>\n<div class=\"brz-column__items brz-css-1lmnedq brz-css-13qcmsk\">\n<div class=\"brz-wrapper-clone brz-css-1uyd7fl brz-css-11ar0bb\">\n<div class=\"brz-d-xs-flex brz-flex-xs-wrap brz-css-pooa56\" data-brz-custom-id=\"\">\n<div class=\"brz-wrapper-clone__item\" id=\"dhvwrbcufhorbrxomrxkhjmwfabtkjzaflfo\">\n<div class=\"brz-icon__container\" data-brz-custom-id=\"dhvwrbcufhorbrxomrxkhjmwfabtkjzaflfo\"><span class=\"brz-icon brz-span brz-css-1105ifp brz-css-1r9ax20\"><svg class=\"brz-icon-svg align-[initial]\"><\/svg><\/span><\/div>\n<\/div>\n<\/div>\n<\/div>\n<\/div>\n<\/div>\n<div class=\"brz-columns brz-css-9i1da2 brz-css-1gbj6yw\" data-brz-custom-id=\"cxcujkwlbwuqpbdtnunvkszzndkdybnhzkkl\">\n<div class=\"brz-bg\"><\/div>\n<div class=\"brz-column__items brz-css-1lmnedq brz-css-1jn6wxu\">\n<div id=\"\" class=\"brz-css-186kvmq brz-css-ma86jr brz-wrapper\">\n<div class=\"brz-rich-text brz-rich-text__custom brz-css-10vtfmu\" data-brz-custom-id=\"tcnfrmngrecrizvxoseeyvqduhesurjjftlj\">\n<div data-brz-translate-text=\"1\">\n<p class=\"brz-tp-lg-paragraph brz-css-gag4a\" data-uniq-id=\"sbsqg\" data-generated-css=\"brz-css-qstgv\"><span> contact@cyborg-consulting.de<\/span><\/p>\n<\/div>\n<\/div>\n<\/div>\n<\/div>\n<\/div>\n<\/div>\n<\/div>\n<div id=\"\" class=\"brz-css-186kvmq brz-css-1j4pj8f brz-wrapper\">\n<div class=\"brz-spacer brz-css-1r5yg2g brz-css-1czs7dx\"><\/div>\n<\/div>\n<div id=\"\" class=\"brz-css-186kvmq brz-css-ht8u7x brz-wrapper\">\n<div class=\"brz-rich-text brz-rich-text__custom brz-css-10vtfmu\" data-brz-custom-id=\"mcozoquhfjtepdgkzzfpwupugrbuhzeixaos\">\n<div data-brz-translate-text=\"1\">\n<h2 class=\"brz-tp-lg-heading2 brz-css-hqYVL\" data-uniq-id=\"fgeuv\" data-generated-css=\"brz-css-rghks\"><span class=\"brz-cp-color2\">\u200dSitz der Gesellschaft<\/span><\/h2>\n<\/div>\n<\/div>\n<\/div>\n<div id=\"\" class=\"brz-css-186kvmq brz-css-1qy0hr0 brz-wrapper\">\n<div class=\"brz-rich-text brz-rich-text__custom brz-css-10vtfmu\" data-brz-custom-id=\"phzfwtouoiecjrttvgdlsvnapactkuulhlkg\">\n<div data-brz-translate-text=\"1\">\n<p class=\"brz-tp-lg-paragraph brz-css-lThjQ\" data-uniq-id=\"gyxhr\" data-generated-css=\"brz-css-jcxbf\"><span class=\"brz-cp-color2\">Lachnerstr.16, 76131 Karlsruhe, Deutschland<\/span><\/p>\n<\/div>\n<\/div>\n<\/div>\n<div id=\"\" class=\"brz-css-186kvmq brz-css-15uazot brz-wrapper\">\n<div class=\"brz-rich-text brz-rich-text__custom brz-css-10vtfmu\" data-brz-custom-id=\"bjxbydzqwamsddixnpizuqsgzzkvqbovidlb\">\n<div data-brz-translate-text=\"1\">\n<h2 class=\"brz-tp-lg-heading2 brz-css-j8awN\" data-generated-css=\"brz-css-kozfu\" data-uniq-id=\"knwek\"><span class=\"brz-cp-color2\">Gesch\u00e4ftsf\u00fchrer und Verantwortliche gem. \u00a7 5 Telemediengesetz<\/span><\/h2>\n<\/div>\n<\/div>\n<\/div>\n<div id=\"\" class=\"brz-css-186kvmq brz-css-6qqgaz brz-wrapper\">\n<div class=\"brz-rich-text brz-rich-text__custom brz-css-10vtfmu\" data-brz-custom-id=\"ejjhoifbxgzlxnnclzvekirrjjmqmijsutov\">\n<div data-brz-translate-text=\"1\">\n<ul>\n<li class=\"brz-tp-lg-paragraph brz-bcp-color2 brz-css-ji8fg\" data-uniq-id=\"ghjlv\" data-generated-css=\"brz-css-abijs\"><span class=\"brz-cp-color2\">Yahya Khachani<\/span><\/li>\n<li class=\"brz-tp-lg-paragraph brz-bcp-color2 brz-css-bFVKU\" data-uniq-id=\"yyvmm\" data-generated-css=\"brz-css-aftdm\"><span class=\"brz-cp-color2\">Yassin Falah <\/span><\/li>\n<\/ul>\n<\/div>\n<\/div>\n<\/div>\n<div id=\"\" class=\"brz-css-186kvmq brz-css-e18qcs brz-wrapper\">\n<div class=\"brz-rich-text brz-rich-text__custom brz-css-10vtfmu\" data-brz-custom-id=\"xulqiatuwqevncremdnkjhkiabbzmjxedijm\">\n<div data-brz-translate-text=\"1\">\n<h2 class=\"brz-tp-lg-heading2 brz-css-lVN94\" data-generated-css=\"brz-css-tugts\" data-uniq-id=\"ykvaj\"><span class=\"brz-cp-color2\">Handelsregister<\/span><\/h2>\n<\/div>\n<\/div>\n<\/div>\n<div id=\"\" class=\"brz-css-186kvmq brz-css-lv32mk brz-wrapper\">\n<div class=\"brz-rich-text brz-rich-text__custom brz-css-10vtfmu\" data-brz-custom-id=\"sopkdeesbmmrphsahrafmlwpotrspwxjutnf\">\n<div data-brz-translate-text=\"1\">\n<p class=\"brz-tp-lg-paragraph brz-css-vKy29\" data-generated-css=\"brz-css-tamxg\" data-uniq-id=\"xnlhx\"><span class=\"brz-cp-color2\">Amtsgericht Mannheim<\/span><\/p>\n<p class=\"brz-tp-lg-paragraph brz-css-zA0E9\" data-generated-css=\"brz-css-tcike\" data-uniq-id=\"thvgu\"><span class=\"brz-cp-color2\">Handelsregister HRB: 745237<\/span><\/p>\n<\/div>\n<\/div>\n<\/div>\n<div id=\"\" class=\"brz-css-186kvmq brz-css-gce559 brz-wrapper\">\n<div class=\"brz-rich-text brz-rich-text__custom brz-css-10vtfmu\" data-brz-custom-id=\"ukppzcomlshwyglporbapykxpcvjmxwxdsze\">\n<div data-brz-translate-text=\"1\">\n<h2 class=\"brz-tp-lg-heading2 brz-css-r7utO\" data-generated-css=\"brz-css-vgcfg\" data-uniq-id=\"fsigy\"><span class=\"brz-cp-color2\">\u200dStreitschlichtung<\/span><\/h2>\n<\/div>\n<\/div>\n<\/div>\n<div id=\"\" class=\"brz-css-186kvmq brz-css-16us548 brz-wrapper\">\n<div class=\"brz-rich-text brz-rich-text__custom brz-css-10vtfmu\" data-brz-custom-id=\"ysyeivfijgsjrewasfczepzeikaickkdgqfe\">\n<div data-brz-translate-text=\"1\">\n<p class=\"brz-tp-lg-paragraph brz-css-cNdA8\" data-generated-css=\"brz-css-jjohy\" data-uniq-id=\"ovmxy\">Wir sind zur Teilnahme an einem Streitbeilegungsverfahren vor einer Verbraucherschlichtungsstelle weder verpflichtet noch bereit.<\/p>\n<p class=\"brz-tp-lg-paragraph brz-css-vhu2T\" data-generated-css=\"brz-css-yxuen\" data-uniq-id=\"webif\">Plattform der EU-Kommission zur Online-Streitbeilegung: <span>https:\/\/ec.europa.eu\/odr<\/span><\/p>\n<\/div>\n<\/div>\n<\/div>\n<div id=\"\" class=\"brz-css-186kvmq brz-css-1jwhesz brz-wrapper\">\n<div class=\"brz-rich-text brz-rich-text__custom brz-css-10vtfmu\" data-brz-custom-id=\"icbjvzdhveoxkbtubwdljlnqekyoigtrbcoz\">\n<div data-brz-translate-text=\"1\">\n<h2 data-uniq-id=\"yevsg\" data-generated-css=\"brz-css-ofzhz\" class=\"brz-tp-lg-heading2 brz-css-uXVMm\"><span class=\"brz-cp-color2\">Haftungsausschluss<\/span><\/h2>\n<\/div>\n<\/div>\n<\/div>\n<div id=\"\" class=\"brz-css-186kvmq brz-css-e40nhy brz-wrapper\">\n<div class=\"brz-rich-text brz-rich-text__custom brz-css-10vtfmu\" data-brz-custom-id=\"cjxhhwnywouumgywiasrgbpwiooxqnwahjvk\">\n<div data-brz-translate-text=\"1\">\n<p class=\"brz-tp-lg-paragraph brz-css-wh8Aq\" data-generated-css=\"brz-css-uqzfo\" data-uniq-id=\"lwatn\"><span class=\"brz-cp-color7\">Die Informationen auf unseren Internetseite werden regelm\u00e4\u00dfig aktualisiert. Dennoch k\u00f6nnen sich die Information\/Daten trotz aller Sorgfalt inzwischen ver\u00e4ndert haben oder Fehler und Ungenauigkeiten enthalten. Eine Haftung oder Garantie f\u00fcr die Richtigkeit und Vollst\u00e4ndigkeit der zur Verf\u00fcgung gestellten Informationen kann daher nicht \u00fcbernommen werden. <\/span><\/p>\n<\/div>\n<\/div>\n<\/div>\n<div id=\"\" class=\"brz-css-186kvmq brz-css-1rwgo2b brz-wrapper\">\n<div class=\"brz-rich-text brz-rich-text__custom brz-css-10vtfmu\" data-brz-custom-id=\"cderkrsyvmzzzcnkmgclgbvunaukuqxwgizk\">\n<div data-brz-translate-text=\"1\">\n<h2 class=\"brz-tp-lg-heading2 brz-css-cI98E\" data-uniq-id=\"qunee\" data-generated-css=\"brz-css-ndcko\"><span class=\"brz-cp-color2\">Haftung f\u00fcr Links<\/span><\/h2>\n<\/div>\n<\/div>\n<\/div>\n<div id=\"\" class=\"brz-css-186kvmq brz-css-1j4pj8f brz-css-q7x9bp brz-wrapper\">\n<div class=\"brz-spacer brz-css-1r5yg2g brz-css-111woq1\"><\/div>\n<\/div>\n<div id=\"\" class=\"brz-css-186kvmq brz-css-1uonjce brz-wrapper\">\n<div class=\"brz-rich-text brz-rich-text__custom brz-css-10vtfmu\" data-brz-custom-id=\"qfinmczntctzdssbqxwngnmcaevzimtwtuis\">\n<div data-brz-translate-text=\"1\">\n<p class=\"brz-tp-lg-paragraph brz-css-iK5hd\" data-uniq-id=\"nkkri\" data-generated-css=\"brz-css-rcbmw\"><span class=\"brz-cp-color2\">Unser Angebot enth\u00e4lt Links zu externen Websites Dritter, auf deren Inhalte wir keinen Einfluss haben. Deshalb k\u00f6nnen wir f\u00fcr diese fremden Inhalte auch keine Gew\u00e4hr \u00fcbernehmen. F\u00fcr die Inhalte der verlinkten Seiten ist stets der jeweilige Anbieter oder Betreiber der Seiten verantwortlich. <\/span><\/p>\n<\/div>\n<\/div>\n<\/div>\n<\/div>\n<\/div>\n<\/div>\n<\/div>\n<\/div>\n<\/div>\n<\/section>\n<\/div>\n<p>    <!-- version:1736983662 --><\/p>\n","protected":false},"excerpt":{"rendered":"<p>Anschrift Altea Solutions GmbH Lachnerstr.16, 76131 Karlsruhe, Deutschland 017656562458 contact@cyborg-consulting.de \u200dSitz der Gesellschaft Lachnerstr.16, 76131 Karlsruhe, Deutschland Gesch\u00e4ftsf\u00fchrer und Verantwortliche gem. \u00a7 5 Telemediengesetz Yahya Khachani Yassin Falah Handelsregister Amtsgericht Mannheim Handelsregister HRB: 745237 \u200dStreitschlichtung Wir sind zur Teilnahme an einem Streitbeilegungsverfahren vor einer Verbraucherschlichtungsstelle weder verpflichtet noch bereit. Plattform der EU-Kommission zur Online-Streitbeilegung: https:\/\/ec.europa.eu\/odr [&hellip;]<\/p>\n","protected":false},"author":1,"featured_media":0,"parent":0,"menu_order":0,"comment_status":"closed","ping_status":"closed","template":"brizy-blank-template.php","meta":{"_themeisle_gutenberg_block_has_review":false},"blocksy_meta":{"styles_descriptor":{"styles":{"desktop":"","tablet":"","mobile":""},"google_fonts":[],"version":6}},"yoast_head":"<!-- This site is optimized with the Yoast SEO plugin v20.6 - https:\/\/yoast.com\/wordpress\/plugins\/seo\/ -->\n<title>Impressum - Individuelle Softwarel\u00f6sungen &amp; Tech Personalberatung<\/title>\n<meta name=\"robots\" content=\"index, follow, max-snippet:-1, max-image-preview:large, max-video-preview:-1\" \/>\n<link rel=\"canonical\" href=\"https:\/\/cyborg-consulting.de\/fr\/impressum\/\" \/>\n<meta property=\"og:locale\" content=\"fr_FR\" \/>\n<meta property=\"og:type\" content=\"article\" \/>\n<meta property=\"og:title\" content=\"Impressum - Individuelle Softwarel\u00f6sungen &amp; Tech Personalberatung\" \/>\n<meta property=\"og:description\" content=\"Anschrift Altea Solutions GmbH Lachnerstr.16, 76131 Karlsruhe, Deutschland 017656562458 contact@cyborg-consulting.de \u200dSitz der Gesellschaft Lachnerstr.16, 76131 Karlsruhe, Deutschland Gesch\u00e4ftsf\u00fchrer und Verantwortliche gem. \u00a7 5 Telemediengesetz Yahya Khachani Yassin Falah Handelsregister Amtsgericht Mannheim Handelsregister HRB: 745237 \u200dStreitschlichtung Wir sind zur Teilnahme an einem Streitbeilegungsverfahren vor einer Verbraucherschlichtungsstelle weder verpflichtet noch bereit. Plattform der EU-Kommission zur Online-Streitbeilegung: https:\/\/ec.europa.eu\/odr [&hellip;]\" \/>\n<meta property=\"og:url\" content=\"https:\/\/cyborg-consulting.de\/fr\/impressum\/\" \/>\n<meta property=\"og:site_name\" content=\"Individuelle Softwarel\u00f6sungen &amp; Tech Personalberatung\" \/>\n<meta property=\"article:modified_time\" content=\"2026-04-06T16:30:57+00:00\" \/>\n<meta name=\"twitter:card\" content=\"summary_large_image\" \/>\n<meta name=\"twitter:label1\" content=\"Dur\u00e9e de lecture estim\u00e9e\" \/>\n\t<meta name=\"twitter:data1\" content=\"1 minute\" \/>\n<script type=\"application\/ld+json\" class=\"yoast-schema-graph\">{\"@context\":\"https:\/\/schema.org\",\"@graph\":[{\"@type\":\"WebPage\",\"@id\":\"https:\/\/cyborg-consulting.de\/impressum\/\",\"url\":\"https:\/\/cyborg-consulting.de\/impressum\/\",\"name\":\"Impressum - Individuelle Softwarel\u00f6sungen &amp; Tech Personalberatung\",\"isPartOf\":{\"@id\":\"https:\/\/cyborg-consulting.de\/#website\"},\"datePublished\":\"2022-10-29T11:29:24+00:00\",\"dateModified\":\"2026-04-06T16:30:57+00:00\",\"breadcrumb\":{\"@id\":\"https:\/\/cyborg-consulting.de\/impressum\/#breadcrumb\"},\"inLanguage\":\"fr-FR\",\"potentialAction\":[{\"@type\":\"ReadAction\",\"target\":[\"https:\/\/cyborg-consulting.de\/impressum\/\"]}]},{\"@type\":\"BreadcrumbList\",\"@id\":\"https:\/\/cyborg-consulting.de\/impressum\/#breadcrumb\",\"itemListElement\":[{\"@type\":\"ListItem\",\"position\":1,\"name\":\"Home\",\"item\":\"https:\/\/cyborg-consulting.de\/\"},{\"@type\":\"ListItem\",\"position\":2,\"name\":\"Impressum\"}]},{\"@type\":\"WebSite\",\"@id\":\"https:\/\/cyborg-consulting.de\/#website\",\"url\":\"https:\/\/cyborg-consulting.de\/\",\"name\":\"Individuelle Softwarel\u00f6sungen &amp; Tech Personalberatung\",\"description\":\"Eine andere WordPress-Site.\",\"publisher\":{\"@id\":\"https:\/\/cyborg-consulting.de\/#organization\"},\"potentialAction\":[{\"@type\":\"SearchAction\",\"target\":{\"@type\":\"EntryPoint\",\"urlTemplate\":\"https:\/\/cyborg-consulting.de\/?s={search_term_string}\"},\"query-input\":\"required name=search_term_string\"}],\"inLanguage\":\"fr-FR\"},{\"@type\":\"Organization\",\"@id\":\"https:\/\/cyborg-consulting.de\/#organization\",\"name\":\"CybOrg Consulting\",\"url\":\"https:\/\/cyborg-consulting.de\/\",\"logo\":{\"@type\":\"ImageObject\",\"inLanguage\":\"fr-FR\",\"@id\":\"https:\/\/cyborg-consulting.de\/#\/schema\/logo\/image\/\",\"url\":\"https:\/\/cyborg-consulting.de\/wp-content\/uploads\/2022\/11\/logo-1-1.png\",\"contentUrl\":\"https:\/\/cyborg-consulting.de\/wp-content\/uploads\/2022\/11\/logo-1-1.png\",\"width\":250,\"height\":150,\"caption\":\"CybOrg Consulting\"},\"image\":{\"@id\":\"https:\/\/cyborg-consulting.de\/#\/schema\/logo\/image\/\"}}]}<\/script>\n<!-- \/ Yoast SEO plugin. -->","yoast_head_json":{"title":"Impressum - Individuelle Softwarel\u00f6sungen &amp; Tech Personalberatung","robots":{"index":"index","follow":"follow","max-snippet":"max-snippet:-1","max-image-preview":"max-image-preview:large","max-video-preview":"max-video-preview:-1"},"canonical":"https:\/\/cyborg-consulting.de\/fr\/impressum\/","og_locale":"fr_FR","og_type":"article","og_title":"Impressum - Individuelle Softwarel\u00f6sungen &amp; Tech Personalberatung","og_description":"Anschrift Altea Solutions GmbH Lachnerstr.16, 76131 Karlsruhe, Deutschland 017656562458 contact@cyborg-consulting.de \u200dSitz der Gesellschaft Lachnerstr.16, 76131 Karlsruhe, Deutschland Gesch\u00e4ftsf\u00fchrer und Verantwortliche gem. \u00a7 5 Telemediengesetz Yahya Khachani Yassin Falah Handelsregister Amtsgericht Mannheim Handelsregister HRB: 745237 \u200dStreitschlichtung Wir sind zur Teilnahme an einem Streitbeilegungsverfahren vor einer Verbraucherschlichtungsstelle weder verpflichtet noch bereit. Plattform der EU-Kommission zur Online-Streitbeilegung: https:\/\/ec.europa.eu\/odr [&hellip;]","og_url":"https:\/\/cyborg-consulting.de\/fr\/impressum\/","og_site_name":"Individuelle Softwarel\u00f6sungen &amp; Tech Personalberatung","article_modified_time":"2026-04-06T16:30:57+00:00","twitter_card":"summary_large_image","twitter_misc":{"Dur\u00e9e de lecture estim\u00e9e":"1 minute"},"schema":{"@context":"https:\/\/schema.org","@graph":[{"@type":"WebPage","@id":"https:\/\/cyborg-consulting.de\/impressum\/","url":"https:\/\/cyborg-consulting.de\/impressum\/","name":"Impressum - Individuelle Softwarel\u00f6sungen &amp; Tech Personalberatung","isPartOf":{"@id":"https:\/\/cyborg-consulting.de\/#website"},"datePublished":"2022-10-29T11:29:24+00:00","dateModified":"2026-04-06T16:30:57+00:00","breadcrumb":{"@id":"https:\/\/cyborg-consulting.de\/impressum\/#breadcrumb"},"inLanguage":"fr-FR","potentialAction":[{"@type":"ReadAction","target":["https:\/\/cyborg-consulting.de\/impressum\/"]}]},{"@type":"BreadcrumbList","@id":"https:\/\/cyborg-consulting.de\/impressum\/#breadcrumb","itemListElement":[{"@type":"ListItem","position":1,"name":"Home","item":"https:\/\/cyborg-consulting.de\/"},{"@type":"ListItem","position":2,"name":"Impressum"}]},{"@type":"WebSite","@id":"https:\/\/cyborg-consulting.de\/#website","url":"https:\/\/cyborg-consulting.de\/","name":"Solutions logicielles personnalis\u00e9es &amp; Tech Conseil en ressources humaines","description":"Un autre site WordPress.","publisher":{"@id":"https:\/\/cyborg-consulting.de\/#organization"},"potentialAction":[{"@type":"SearchAction","target":{"@type":"EntryPoint","urlTemplate":"https:\/\/cyborg-consulting.de\/?s={search_term_string}"},"query-input":"required name=search_term_string"}],"inLanguage":"fr-FR"},{"@type":"Organization","@id":"https:\/\/cyborg-consulting.de\/#organization","name":"CybOrg Consulting","url":"https:\/\/cyborg-consulting.de\/","logo":{"@type":"ImageObject","inLanguage":"fr-FR","@id":"https:\/\/cyborg-consulting.de\/#\/schema\/logo\/image\/","url":"https:\/\/cyborg-consulting.de\/wp-content\/uploads\/2022\/11\/logo-1-1.png","contentUrl":"https:\/\/cyborg-consulting.de\/wp-content\/uploads\/2022\/11\/logo-1-1.png","width":250,"height":150,"caption":"CybOrg Consulting"},"image":{"@id":"https:\/\/cyborg-consulting.de\/#\/schema\/logo\/image\/"}}]}},"brizy_media":[],"_links":{"self":[{"href":"https:\/\/cyborg-consulting.de\/fr\/wp-json\/wp\/v2\/pages\/262"}],"collection":[{"href":"https:\/\/cyborg-consulting.de\/fr\/wp-json\/wp\/v2\/pages"}],"about":[{"href":"https:\/\/cyborg-consulting.de\/fr\/wp-json\/wp\/v2\/types\/page"}],"author":[{"embeddable":true,"href":"https:\/\/cyborg-consulting.de\/fr\/wp-json\/wp\/v2\/users\/1"}],"replies":[{"embeddable":true,"href":"https:\/\/cyborg-consulting.de\/fr\/wp-json\/wp\/v2\/comments?post=262"}],"version-history":[{"count":6,"href":"https:\/\/cyborg-consulting.de\/fr\/wp-json\/wp\/v2\/pages\/262\/revisions"}],"predecessor-version":[{"id":1729,"href":"https:\/\/cyborg-consulting.de\/fr\/wp-json\/wp\/v2\/pages\/262\/revisions\/1729"}],"wp:attachment":[{"href":"https:\/\/cyborg-consulting.de\/fr\/wp-json\/wp\/v2\/media?parent=262"}],"curies":[{"name":"wp","href":"https:\/\/api.w.org\/{rel}","templated":true}]}}