{"id":258,"date":"2022-10-29T11:28:26","date_gmt":"2022-10-29T11:28:26","guid":{"rendered":"http:\/\/cyborg-consulting.de\/?page_id=258"},"modified":"2026-04-07T04:57:24","modified_gmt":"2026-04-07T04:57:24","slug":"agb","status":"publish","type":"page","link":"https:\/\/cyborg-consulting.de\/fr\/agb\/","title":{"rendered":"AGB"},"content":{"rendered":"<div class=\"brz-root__container brz-reset-all brz\">\n<section id=\"_pbaufllkudkxxnkhpeosrtdewltelpljqoje\" class=\"brz-section brz-css-g38Y0\">\n<div class=\"brz-section__content brz-section--boxed brz-css-qk2fz brz-css-awXAI\" data-brz-custom-id=\"wzqujmrrcbhlqppotcyypqbhrmqwmnfafojk\">\n<div class=\"brz-container brz-css-n4QvF brz-css-oFQ0n\">\n<div class=\"brz-row__container brz-css-tud5d\" data-brz-custom-id=\"xgbhgodkblnskubomqwouxqcboprokxlgdcr\">\n<div class=\"brz-bg\"><\/div>\n<div class=\"brz-row brz-css-vbi3G\">\n<div class=\"brz-columns brz-css-wavQS brz-css-v889A\" data-brz-custom-id=\"nkoioktjjlvyipzwdjpuxjpcjmkukkpfdpjc\">\n<div class=\"brz-bg\"><\/div>\n<div class=\"brz-column__items brz-css-s9z9P brz-css-c7wok\">\n<div id=\"\" class=\"brz-css-a94Lw brz-wrapper\">\n<div class=\"brz-rich-text brz-rich-text__custom brz-css-drwky\" data-brz-custom-id=\"pulrfdilmppasiwgghfrqzgmipaxkggjnens\">\n<div data-brz-translate-text=\"1\">\n<h3 class=\"brz-tp-heading3 brz-css-pB81M\"><span class=\"brz-cp-color2\">G\u00e9n\u00e9rer des niches frontales<\/span><\/h3>\n<\/div>\n<\/div>\n<\/div>\n<div id=\"\" class=\"brz-css-a94Lw brz-wrapper\">\n<div class=\"brz-rich-text brz-rich-text__custom brz-css-drwky\" data-brz-custom-id=\"yymyinwcltetizwilssdolgwsqdveagrslfc\">\n<div data-brz-translate-text=\"1\">\n<p class=\"brz-tp-paragraph brz-css-qmY2x\"><span class=\"brz-cp-color7\">Les boucles d'oreilles ajoutent de la beaut\u00e9 \u00e0 un visage. Diff\u00e9rents types de boucles d'oreilles s'adaptent \u00e0 diff\u00e9rents visages plus traditionnels, les boucles d'oreilles en argent sont intelligentes. <\/span><\/p>\n<\/div>\n<\/div>\n<\/div>\n<div id=\"\" class=\"brz-css-a94Lw brz-wrapper\">\n<div class=\"brz-rich-text brz-rich-text__custom brz-css-drwky\" data-brz-custom-id=\"uthaluqpvtlocmdejaxmkjnbtjwqqeslcmrj\">\n<div data-brz-translate-text=\"1\">\n<p class=\"brz-tp-paragraph brz-css-qI9nd\"><span class=\"brz-cp-color7\">Les boucles d'oreilles sont essentiellement port\u00e9es dans le lobe de l'oreille, mais ces derniers temps, la tendance est au domaine f\u00e9minin, les hommes ont eux aussi repris l'habitude de porter des boucles d'oreilles, comme leurs anc\u00eatres.<\/span><\/p>\n<\/div>\n<\/div>\n<\/div>\n<div id=\"\" class=\"brz-css-a94Lw brz-wrapper\">\n<div class=\"brz-rich-text brz-rich-text__custom brz-css-drwky\" data-brz-custom-id=\"vpehpjhkeauwgwyfrmmbrdrmpnltrgeomfne\">\n<div data-brz-translate-text=\"1\">\n<h3 class=\"brz-tp-heading3 brz-css-ljEU5\"><span class=\"brz-cp-color2\">Cultivez les march\u00e9s en temps r\u00e9el<\/span><\/h3>\n<\/div>\n<\/div>\n<\/div>\n<div id=\"\" class=\"brz-css-a94Lw brz-wrapper\">\n<div class=\"brz-rich-text brz-rich-text__custom brz-css-drwky\" data-brz-custom-id=\"jglgfpqsmabbtgbphwqfndfqkyjkitofjvhy\">\n<div data-brz-translate-text=\"1\">\n<p class=\"brz-tp-paragraph brz-css-eq3Xf\"><span class=\"brz-cp-color7\">On estime que 50% d'Am\u00e9ricains souffrent de cette maladie \u00e0 l'\u00e2ge de 50 ans et que seuls 500 000 d'entre eux demandent une aide m\u00e9dicale pour ce probl\u00e8me. Parmi eux, entre 10 et 20% ont besoin d'une intervention chirurgicale.<\/span><\/p>\n<\/div>\n<\/div>\n<\/div>\n<\/div>\n<\/div>\n<div class=\"brz-columns brz-css-wavQS brz-css-iBSoE\" data-brz-custom-id=\"smopjjuwsutnbzuselvyetlxuhezxmmgrwtn\">\n<div class=\"brz-bg\"><\/div>\n<div class=\"brz-column__items brz-css-s9z9P\">\n<div id=\"\" class=\"brz-css-a94Lw brz-css-ekbEc brz-wrapper\">\n<div class=\"brz-spacer brz-css-qMUF8\"><\/div>\n<\/div>\n<\/div>\n<\/div>\n<\/div>\n<\/div>\n<\/div>\n<\/div>\n<\/section>\n<\/div>\n<p>    <!-- version:1736293447 --><\/p>","protected":false},"excerpt":{"rendered":"<p>Generate front-end niches Earrings add beauty to a face. Different types of earrings suit different faces more traditional, silver earrings are smart. Earrings are essentially worn in the ear lobe, but in recent times, the trend is to woman\u2019s domain, men too have again taken to wearing earrings, like their ancestors. Cultivate real-time markets It [&hellip;]<\/p>\n","protected":false},"author":1,"featured_media":0,"parent":0,"menu_order":0,"comment_status":"closed","ping_status":"closed","template":"brizy-blank-template.php","meta":{"_themeisle_gutenberg_block_has_review":false},"blocksy_meta":{"styles_descriptor":{"styles":{"desktop":"","tablet":"","mobile":""},"google_fonts":[],"version":6}},"yoast_head":"<!-- This site is optimized with the Yoast SEO plugin v20.6 - https:\/\/yoast.com\/wordpress\/plugins\/seo\/ -->\n<title>AGB - Individuelle Softwarel\u00f6sungen &amp; Tech Personalberatung<\/title>\n<meta name=\"robots\" content=\"index, follow, max-snippet:-1, max-image-preview:large, max-video-preview:-1\" \/>\n<link rel=\"canonical\" href=\"https:\/\/cyborg-consulting.de\/fr\/agb\/\" \/>\n<meta property=\"og:locale\" content=\"fr_FR\" \/>\n<meta property=\"og:type\" content=\"article\" \/>\n<meta property=\"og:title\" content=\"AGB - Individuelle Softwarel\u00f6sungen &amp; Tech Personalberatung\" \/>\n<meta property=\"og:description\" content=\"Generate front-end niches Earrings add beauty to a face. Different types of earrings suit different faces more traditional, silver earrings are smart. Earrings are essentially worn in the ear lobe, but in recent times, the trend is to woman\u2019s domain, men too have again taken to wearing earrings, like their ancestors. Cultivate real-time markets It [&hellip;]\" \/>\n<meta property=\"og:url\" content=\"https:\/\/cyborg-consulting.de\/fr\/agb\/\" \/>\n<meta property=\"og:site_name\" content=\"Individuelle Softwarel\u00f6sungen &amp; Tech Personalberatung\" \/>\n<meta property=\"article:modified_time\" content=\"2026-04-07T04:57:24+00:00\" \/>\n<meta name=\"twitter:card\" content=\"summary_large_image\" \/>\n<script type=\"application\/ld+json\" class=\"yoast-schema-graph\">{\"@context\":\"https:\/\/schema.org\",\"@graph\":[{\"@type\":\"WebPage\",\"@id\":\"https:\/\/cyborg-consulting.de\/agb\/\",\"url\":\"https:\/\/cyborg-consulting.de\/agb\/\",\"name\":\"AGB - Individuelle Softwarel\u00f6sungen &amp; Tech Personalberatung\",\"isPartOf\":{\"@id\":\"https:\/\/cyborg-consulting.de\/#website\"},\"datePublished\":\"2022-10-29T11:28:26+00:00\",\"dateModified\":\"2026-04-07T04:57:24+00:00\",\"breadcrumb\":{\"@id\":\"https:\/\/cyborg-consulting.de\/agb\/#breadcrumb\"},\"inLanguage\":\"fr-FR\",\"potentialAction\":[{\"@type\":\"ReadAction\",\"target\":[\"https:\/\/cyborg-consulting.de\/agb\/\"]}]},{\"@type\":\"BreadcrumbList\",\"@id\":\"https:\/\/cyborg-consulting.de\/agb\/#breadcrumb\",\"itemListElement\":[{\"@type\":\"ListItem\",\"position\":1,\"name\":\"Home\",\"item\":\"https:\/\/cyborg-consulting.de\/\"},{\"@type\":\"ListItem\",\"position\":2,\"name\":\"AGB\"}]},{\"@type\":\"WebSite\",\"@id\":\"https:\/\/cyborg-consulting.de\/#website\",\"url\":\"https:\/\/cyborg-consulting.de\/\",\"name\":\"Individuelle Softwarel\u00f6sungen &amp; Tech Personalberatung\",\"description\":\"Eine andere WordPress-Site.\",\"publisher\":{\"@id\":\"https:\/\/cyborg-consulting.de\/#organization\"},\"potentialAction\":[{\"@type\":\"SearchAction\",\"target\":{\"@type\":\"EntryPoint\",\"urlTemplate\":\"https:\/\/cyborg-consulting.de\/?s={search_term_string}\"},\"query-input\":\"required name=search_term_string\"}],\"inLanguage\":\"fr-FR\"},{\"@type\":\"Organization\",\"@id\":\"https:\/\/cyborg-consulting.de\/#organization\",\"name\":\"CybOrg Consulting\",\"url\":\"https:\/\/cyborg-consulting.de\/\",\"logo\":{\"@type\":\"ImageObject\",\"inLanguage\":\"fr-FR\",\"@id\":\"https:\/\/cyborg-consulting.de\/#\/schema\/logo\/image\/\",\"url\":\"https:\/\/cyborg-consulting.de\/wp-content\/uploads\/2022\/11\/logo-1-1.png\",\"contentUrl\":\"https:\/\/cyborg-consulting.de\/wp-content\/uploads\/2022\/11\/logo-1-1.png\",\"width\":250,\"height\":150,\"caption\":\"CybOrg Consulting\"},\"image\":{\"@id\":\"https:\/\/cyborg-consulting.de\/#\/schema\/logo\/image\/\"}}]}<\/script>\n<!-- \/ Yoast SEO plugin. -->","yoast_head_json":{"title":"AGB - Individuelle Softwarel\u00f6sungen &amp; Tech Personalberatung","robots":{"index":"index","follow":"follow","max-snippet":"max-snippet:-1","max-image-preview":"max-image-preview:large","max-video-preview":"max-video-preview:-1"},"canonical":"https:\/\/cyborg-consulting.de\/fr\/agb\/","og_locale":"fr_FR","og_type":"article","og_title":"AGB - Individuelle Softwarel\u00f6sungen &amp; Tech Personalberatung","og_description":"Generate front-end niches Earrings add beauty to a face. Different types of earrings suit different faces more traditional, silver earrings are smart. Earrings are essentially worn in the ear lobe, but in recent times, the trend is to woman\u2019s domain, men too have again taken to wearing earrings, like their ancestors. Cultivate real-time markets It [&hellip;]","og_url":"https:\/\/cyborg-consulting.de\/fr\/agb\/","og_site_name":"Individuelle Softwarel\u00f6sungen &amp; Tech Personalberatung","article_modified_time":"2026-04-07T04:57:24+00:00","twitter_card":"summary_large_image","schema":{"@context":"https:\/\/schema.org","@graph":[{"@type":"WebPage","@id":"https:\/\/cyborg-consulting.de\/agb\/","url":"https:\/\/cyborg-consulting.de\/agb\/","name":"AGB - Individuelle Softwarel\u00f6sungen &amp; Tech Personalberatung","isPartOf":{"@id":"https:\/\/cyborg-consulting.de\/#website"},"datePublished":"2022-10-29T11:28:26+00:00","dateModified":"2026-04-07T04:57:24+00:00","breadcrumb":{"@id":"https:\/\/cyborg-consulting.de\/agb\/#breadcrumb"},"inLanguage":"fr-FR","potentialAction":[{"@type":"ReadAction","target":["https:\/\/cyborg-consulting.de\/agb\/"]}]},{"@type":"BreadcrumbList","@id":"https:\/\/cyborg-consulting.de\/agb\/#breadcrumb","itemListElement":[{"@type":"ListItem","position":1,"name":"Home","item":"https:\/\/cyborg-consulting.de\/"},{"@type":"ListItem","position":2,"name":"AGB"}]},{"@type":"WebSite","@id":"https:\/\/cyborg-consulting.de\/#website","url":"https:\/\/cyborg-consulting.de\/","name":"Solutions logicielles personnalis\u00e9es &amp; Tech Conseil en ressources humaines","description":"Un autre site WordPress.","publisher":{"@id":"https:\/\/cyborg-consulting.de\/#organization"},"potentialAction":[{"@type":"SearchAction","target":{"@type":"EntryPoint","urlTemplate":"https:\/\/cyborg-consulting.de\/?s={search_term_string}"},"query-input":"required name=search_term_string"}],"inLanguage":"fr-FR"},{"@type":"Organization","@id":"https:\/\/cyborg-consulting.de\/#organization","name":"CybOrg Consulting","url":"https:\/\/cyborg-consulting.de\/","logo":{"@type":"ImageObject","inLanguage":"fr-FR","@id":"https:\/\/cyborg-consulting.de\/#\/schema\/logo\/image\/","url":"https:\/\/cyborg-consulting.de\/wp-content\/uploads\/2022\/11\/logo-1-1.png","contentUrl":"https:\/\/cyborg-consulting.de\/wp-content\/uploads\/2022\/11\/logo-1-1.png","width":250,"height":150,"caption":"CybOrg Consulting"},"image":{"@id":"https:\/\/cyborg-consulting.de\/#\/schema\/logo\/image\/"}}]}},"brizy_media":[{"id":1741,"url":"https:\/\/cyborg-consulting.de\/wp-content\/uploads\/2022\/11\/Indeed_logo_PNG2.png","name":"Indeed_logo_PNG2.png","meta":{"brizy_attachment_uid":"wp-e8a3eef9a99431bc642c7cca15855b1a.png","brizy_post_uid":["fc8c63654751ca3d2ea4b89054afa643","6b865a3dcd02f07c8cbbf9a87daca925"]}}],"_links":{"self":[{"href":"https:\/\/cyborg-consulting.de\/fr\/wp-json\/wp\/v2\/pages\/258"}],"collection":[{"href":"https:\/\/cyborg-consulting.de\/fr\/wp-json\/wp\/v2\/pages"}],"about":[{"href":"https:\/\/cyborg-consulting.de\/fr\/wp-json\/wp\/v2\/types\/page"}],"author":[{"embeddable":true,"href":"https:\/\/cyborg-consulting.de\/fr\/wp-json\/wp\/v2\/users\/1"}],"replies":[{"embeddable":true,"href":"https:\/\/cyborg-consulting.de\/fr\/wp-json\/wp\/v2\/comments?post=258"}],"version-history":[{"count":5,"href":"https:\/\/cyborg-consulting.de\/fr\/wp-json\/wp\/v2\/pages\/258\/revisions"}],"predecessor-version":[{"id":1739,"href":"https:\/\/cyborg-consulting.de\/fr\/wp-json\/wp\/v2\/pages\/258\/revisions\/1739"}],"wp:attachment":[{"href":"https:\/\/cyborg-consulting.de\/fr\/wp-json\/wp\/v2\/media?parent=258"}],"curies":[{"name":"wp","href":"https:\/\/api.w.org\/{rel}","templated":true}]}}