{"id":86,"date":"2022-10-27T09:13:30","date_gmt":"2022-10-27T09:13:30","guid":{"rendered":"http:\/\/cyborg-consulting.de\/jobs\/"},"modified":"2026-04-06T16:31:33","modified_gmt":"2026-04-06T16:31:33","slug":"jobs","status":"publish","type":"page","link":"http:\/\/cyborg-consulting.de\/fr\/jobs\/","title":{"rendered":"Emplois"},"content":{"rendered":"<div class=\"brz-root__container brz-reset-all brz brz-root__container-page\">\n<section id=\"_rkgvvjzeapqkxweijqefijjhmtrhvcsjkwav\" class=\"brz-section brz-css-1wr9mpf\">\n<div class=\"brz-section__content brz-section--boxed brz-css-1psyotd brz-css-af9o6b\" data-brz-custom-id=\"ixyxdvubbkauwfsshjcevffdalfozwiaegva\">\n<div class=\"brz-bg\">\n<div class=\"brz-bg-image\"><\/div>\n<div class=\"brz-bg-color\"><\/div>\n<\/div>\n<div class=\"brz-container brz-css-eus1ww\">\n<div class=\"brz-row__container brz-css-1dygfn\" data-brz-custom-id=\"vecczwelgitlcctttocoysyjcpcigorsmmmc\">\n<div class=\"brz-bg\"><\/div>\n<div class=\"brz-row brz-css-1ku8usg brz-css-2af9oa\">\n<div class=\"brz-columns brz-css-3uv7z9 brz-css-9yk3qa\" data-brz-custom-id=\"kegemtitvbbicztlnklzvkgdbqfhhmoneuff\">\n<div class=\"brz-bg\"><\/div>\n<div class=\"brz-column__items brz-css-3rl0vm\">\n<div id=\"\" class=\"brz-css-1hqp8bs brz-css-1jafbj8 brz-wrapper\">\n<div class=\"brz-image brz-css-dlnhjx brz-css-uxbclf\" data-brz-custom-id=\"ccgvaljgzdfvgtgbturkyrcgnzaowfspjtxo\"><img class=\"brz-img\" src=\"https:\/\/cyborg-consulting.de\/wp-content\/uploads\/brizy\/imgs\/pexels-fauxels-3184634-scaled-843x562x144x0x555x562x1669498426.jpg\" alt=\"\" loading=\"lazy\"><\/div>\n<\/div>\n<\/div>\n<\/div>\n<div class=\"brz-columns brz-css-3uv7z9 brz-css-1nrpqqg\" data-brz-custom-id=\"xuncagybsfmkjszkysnwunqonbplhodhuisk\">\n<div class=\"brz-bg\"><\/div>\n<div class=\"brz-column__items brz-css-3rl0vm brz-css-kqybf5\">\n<div id=\"\" class=\"brz-css-1hqp8bs brz-wrapper\">\n<div class=\"brz-rich-text brz-rich-text__custom brz-css-hv8apc\" data-brz-custom-id=\"oxonlordxiynnyggarrdkctwepnzkidhjxbk\">\n<div data-brz-translate-text=\"1\">\n<h2 class=\"brz-text-lg-left brz-tp-lg-heading2 brz-css-sHZH2\" data-generated-css=\"brz-css-jxmsg\" data-uniq-id=\"enooi\"><span class=\"brz-cp-color2\">La premi\u00e8re adresse pour ta r\u00e9orientation professionnelle.\t<\/span><\/h2>\n<\/div>\n<\/div>\n<\/div>\n<div id=\"\" class=\"brz-css-1hqp8bs brz-css-ejg1c7 brz-wrapper\">\n<div class=\"brz-spacer brz-css-1newcdr brz-css-jyrjp2\"><\/div>\n<\/div>\n<div id=\"\" class=\"brz-css-1hqp8bs brz-css-lg7ul4 brz-wrapper\">\n<div class=\"brz-rich-text brz-rich-text__custom brz-css-hv8apc\" data-brz-custom-id=\"bixkuzuurbfgziltgnoymwjghpaofzmqtvml\">\n<div data-brz-translate-text=\"1\">\n<p class=\"brz-text-lg-left brz-tp-lg-paragraph brz-css-gcFoU\" data-uniq-id=\"uujcn\" data-generated-css=\"brz-css-jarxf\"><span class=\"brz-cp-color2\">Nous t'aidons \u00e0 franchir la prochaine \u00e9tape de ta carri\u00e8re et \u00e0 trouver le poste qui te convient dans l'entreprise id\u00e9ale.\t<\/span><\/p>\n<\/div>\n<\/div>\n<\/div>\n<div id=\"\" class=\"brz-css-1hqp8bs brz-css-ejg1c7 brz-wrapper\">\n<div class=\"brz-spacer brz-css-1newcdr brz-css-1l0ox90\"><\/div>\n<\/div>\n<div id=\"\" class=\"brz-css-1hqp8bs brz-css-q539ex brz-wrapper\">\n<div class=\"brz-rich-text brz-rich-text__custom brz-css-hv8apc\" data-brz-custom-id=\"nepsbowmsjbqigukrmfbhvolvudcastwpwma\">\n<div data-brz-translate-text=\"1\">\n<h3 class=\"brz-tp-lg-heading3 brz-css-wmKRL\" data-generated-css=\"brz-css-dytnp\" data-uniq-id=\"hgylv\"><span class=\"brz-cp-color2\">Am\u00e9liorez votre carri\u00e8re !<\/span><\/h3>\n<\/div>\n<\/div>\n<\/div>\n<div id=\"\" class=\"brz-css-1hqp8bs brz-wrapper\">\n<div class=\"brz-rich-text brz-rich-text__custom brz-css-hv8apc\" data-brz-custom-id=\"flsagsxhehuwjyqfqlqdqycvmutdehcqpogv\">\n<div data-brz-translate-text=\"1\">\n<p class=\"brz-mb-sm-0 brz-tp-lg-paragraph brz-mb-lg-20 brz-mb-xs-0 brz-css-cjdGL\" data-generated-css=\"brz-css-phlmb\" data-uniq-id=\"nnwlz\"><strong class=\"brz-cp-color2\">D\u00e9couvre le job de tes r\u00eaves chez CybOrg.<\/strong><\/p>\n<\/div>\n<\/div>\n<\/div>\n<div class=\"brz-wrapper-clone brz-css-4f0yv9\">\n<div class=\"brz-d-xs-flex brz-flex-xs-wrap brz-css-1pzftyd brz-css-hogchq\" data-brz-custom-id=\"\">\n<div class=\"brz-wrapper-clone__item\" id=\"qcapxkddgxaztxpozuilaqpcumosyfoohppj\"><a class=\"brz-a brz-anchor brz-btn brz-css-el4wef brz-css-vlloo0 brz-css-1gtplvh\" href=\"#_rwmgyuhqsqkzlbquvabdbycdjnxwpiqmdutx\" target=\"_self\" rel=\"noopener\" data-brz-link-type=\"anchor\" data-brz-custom-id=\"qcapxkddgxaztxpozuilaqpcumosyfoohppj\"><span data-brz-translate-text=\"1\" class=\"brz-span brz-text__editor\">POSTULEZ MAINTENANT !<\/span><\/a><\/div>\n<\/div>\n<\/div>\n<\/div>\n<\/div>\n<\/div>\n<\/div>\n<\/div>\n<\/div>\n<\/section>\n<section id=\"jobs_filter\" class=\"brz-section brz-css-1wr9mpf\">\n<div class=\"brz-section__content brz-section--boxed brz-css-1psyotd brz-css-1vohs4g\" data-brz-custom-id=\"odkqgownvkbmejvctgjxbnuetoqiwxjaepye\">\n<div class=\"brz-bg\">\n<div class=\"brz-bg-color\"><\/div>\n<\/div>\n<div class=\"brz-container brz-css-eus1ww\">\n<div id=\"\" class=\"brz-css-1hqp8bs brz-wrapper\">\n<div class=\"brz-wp-shortcode brz-css-1q5x3r1\" data-brz-custom-id=\"ddturejtmprrfhilxhrrivcweffwkuhzkqxx\">\n<div><div class=\"job_listings\" data-location=\"\" data-keywords=\"\" data-show_filters=\"true\" data-show_pagination=\"false\" data-per_page=\"10\" data-orderby=\"featured\" data-order=\"DESC\" data-categories=\"\" data-disable-form-state-storage=\"\" data-post_id=\"86\" >\n<form class=\"job_filters\" action=\"\">\n\t\n\t<div class=\"search_jobs\">\n\t\t\n\t\t<div class=\"search_keywords\">\n\t\t\t<label for=\"search_keywords\">Mots-cl\u00e9s<\/label>\n\t\t\t<input type=\"text\" name=\"search_keywords\" id=\"search_keywords\" placeholder=\"Mots-cl\u00e9s\" value=\"\" \/>\n\t\t<\/div>\n\n\t\t<div class=\"search_location\">\n\t\t\t<label for=\"search_location\">Localisation<\/label>\n\t\t\t<input type=\"text\" name=\"search_location\" id=\"search_location\" placeholder=\"Localisation\" value=\"\" \/>\n\t\t<\/div>\n\n\t\t\t\t\t<div class=\"search_remote_position\">\n\t\t\t\t<input type=\"checkbox\" class=\"input-checkbox\" name=\"remote_position\" id=\"remote_position\" placeholder=\"Localisation\" value=\"1\"  \/>\n\t\t\t\t<label for=\"remote_position\" id=\"remote_position_label\">Postes en t\u00e9l\u00e9travail uniquement<\/label>\n\t\t\t<\/div>\n\t\t\n\t\t<div style=\"clear: both\"><\/div>\n\n\t\t\n\t\t\t\t\t<div class=\"search_submit\">\n\t\t\t\t<input type=\"submit\" value=\"Rechercher des offres d\u00e2emploi\">\n\t\t\t<\/div>\n\t\t\n\t\t\t<\/div>\n\n\t\t<ul class=\"job_types\">\n\t\t\t<\/ul>\n\t<input type=\"hidden\" name=\"filter_job_type[]\" value=\"\" \/>\n<div class=\"showing_jobs\"><\/div><input type=\"hidden\" name=\"trp-form-language\" value=\"fr\"\/><\/form>\n\n\n<noscript>Votre navigateur ne supporte pas JavaScript, ou bien JavaScript est d\u00e9sactiv\u00e9. JavaScript doit \u00eatre activ\u00e9 pour pouvoir visualiser des postes.<\/noscript>\n<ul class=\"job_listings\">\n<\/ul>\n<a class=\"load_more_jobs\" href=\"#\" style=\"display:none;\"><strong>Afficher plus d\u00e2offres<\/strong><\/a><\/div><\/div>\n<\/div>\n<\/div>\n<div id=\"\" class=\"brz-css-1hqp8bs brz-css-ejg1c7 brz-wrapper\">\n<div class=\"brz-spacer brz-css-1newcdr\"><\/div>\n<\/div>\n<\/div>\n<\/div>\n<\/section>\n<section id=\"_atmmzmqayboteaypjetdqcsestavevzoypfd\" class=\"brz-section brz-css-1wr9mpf\">\n<div class=\"brz-section__content brz-section--boxed brz-css-1psyotd brz-css-9wr5i1\" data-brz-custom-id=\"hbnssllqdvkktyraraztehzqbgwzwrbifobc\">\n<div class=\"brz-bg\">\n<div class=\"brz-bg-color\"><\/div>\n<\/div>\n<div class=\"brz-container brz-css-eus1ww\">\n<div class=\"brz-row__container brz-css-1dygfn brz-css-lagsqp\" data-brz-custom-id=\"qpqeybudlljdpecjfcbwbmvmbefcwyfhmrgv\">\n<div class=\"brz-bg\">\n<div class=\"brz-bg-color\"><\/div>\n<\/div>\n<div class=\"brz-row brz-css-1ku8usg\">\n<div class=\"brz-columns brz-css-3uv7z9 brz-css-15m9gnd\" data-brz-custom-id=\"idnawdgdhvyqhbgnjmqrosahltfczwcolswm\">\n<div class=\"brz-bg\"><\/div>\n<div class=\"brz-column__items brz-css-3rl0vm\">\n<div id=\"\" class=\"brz-css-1hqp8bs brz-wrapper\">\n<div class=\"brz-rich-text brz-rich-text__custom brz-css-hv8apc\" data-brz-custom-id=\"xhegbzeqyifpsmhcjeixmxmweafgoztpgmkr\">\n<div data-brz-translate-text=\"1\">\n<p class=\"brz-tp-lg-paragraph brz-css-jRSvt\" data-generated-css=\"brz-css-zzfqv\" data-uniq-id=\"ezccc\"><span class=\"brz-cp-color2\">Tu n'as pas trouv\u00e9 le poste que tu cherches ou tu as d'autres comp\u00e9tences qui pourraient nous convenir ? Nous nous r\u00e9jouissons de recevoir ta candidature spontan\u00e9e !<\/span><\/p>\n<\/div>\n<\/div>\n<\/div>\n<\/div>\n<\/div>\n<div class=\"brz-columns brz-css-3uv7z9 brz-css-102ju67\" data-brz-custom-id=\"yrriwhcywuxcwnnholqplxbtodivheqxnnhh\">\n<div class=\"brz-bg\"><\/div>\n<div class=\"brz-column__items brz-css-3rl0vm\">\n<div class=\"brz-wrapper-clone brz-css-4f0yv9\">\n<div class=\"brz-d-xs-flex brz-flex-xs-wrap brz-css-1pzftyd\" data-brz-custom-id=\"\">\n<div class=\"brz-wrapper-clone__item\" id=\"wxpffapumcsxcikiijolezwphptlohhwcewy\"><a class=\"brz-a brz-btn brz-css-el4wef brz-css-vlloo0 brz-css-1h9283f\" href=\"https:\/\/cyborg-consulting.de\/fr\/initiativbewerbung\/\" target=\"_blank\" rel=\"noopener\" data-brz-link-type=\"external\" data-brz-custom-id=\"wxpffapumcsxcikiijolezwphptlohhwcewy\"><span data-brz-translate-text=\"1\" class=\"brz-span brz-text__editor\">Postuler spontan\u00e9ment<\/span><\/a><\/div>\n<\/div>\n<\/div>\n<\/div>\n<\/div>\n<\/div>\n<\/div>\n<\/div>\n<\/div>\n<\/section>\n<\/div>\n<p>    <!-- version:1737157105 --><\/p>","protected":false},"excerpt":{"rendered":"<p>Die erste Adresse f\u00fcr Deine Berufliche Neuorientierung. Wir unterst\u00fctzen Dich auf dem Weg zum n\u00e4chsten Karriereschritt und bei der Suche nach dem passenden Job im idealen Unternehmen. Upgrade your career! Entdecke Deinen Wunschjob bei CybOrg. JETZT BEWERBEN! Du hast nicht die Stelle gefunden, nach der Du suchst, oder hast andere F\u00e4higkeiten, die zu uns passen? [&hellip;]<\/p>\n","protected":false},"author":1,"featured_media":0,"parent":0,"menu_order":0,"comment_status":"closed","ping_status":"closed","template":"brizy-blank-template.php","meta":{"_themeisle_gutenberg_block_has_review":false},"blocksy_meta":{"styles_descriptor":{"styles":{"desktop":"","tablet":"","mobile":""},"google_fonts":[],"version":6}},"yoast_head":"<!-- This site is optimized with the Yoast SEO plugin v20.6 - https:\/\/yoast.com\/wordpress\/plugins\/seo\/ -->\n<title>Jobs - Individuelle Softwarel\u00f6sungen &amp; Tech Personalberatung<\/title>\n<meta name=\"robots\" content=\"index, follow, max-snippet:-1, max-image-preview:large, max-video-preview:-1\" \/>\n<link rel=\"canonical\" href=\"https:\/\/cyborg-consulting.de\/fr\/jobs\/\" \/>\n<meta property=\"og:locale\" content=\"fr_FR\" \/>\n<meta property=\"og:type\" content=\"article\" \/>\n<meta property=\"og:title\" content=\"Jobs - Individuelle Softwarel\u00f6sungen &amp; Tech Personalberatung\" \/>\n<meta property=\"og:description\" content=\"Die erste Adresse f\u00fcr Deine Berufliche Neuorientierung. Wir unterst\u00fctzen Dich auf dem Weg zum n\u00e4chsten Karriereschritt und bei der Suche nach dem passenden Job im idealen Unternehmen. Upgrade your career! Entdecke Deinen Wunschjob bei CybOrg. JETZT BEWERBEN! Du hast nicht die Stelle gefunden, nach der Du suchst, oder hast andere F\u00e4higkeiten, die zu uns passen? [&hellip;]\" \/>\n<meta property=\"og:url\" content=\"https:\/\/cyborg-consulting.de\/fr\/jobs\/\" \/>\n<meta property=\"og:site_name\" content=\"Individuelle Softwarel\u00f6sungen &amp; Tech Personalberatung\" \/>\n<meta property=\"article:modified_time\" content=\"2026-04-06T16:31:33+00:00\" \/>\n<meta property=\"og:image\" content=\"https:\/\/cyborg-consulting.de\/wp-content\/uploads\/brizy\/imgs\/pexels-fauxels-3184634-scaled-843x562x144x0x555x562x1669498426.jpg\" \/>\n<meta name=\"twitter:card\" content=\"summary_large_image\" \/>\n<script type=\"application\/ld+json\" class=\"yoast-schema-graph\">{\"@context\":\"https:\/\/schema.org\",\"@graph\":[{\"@type\":\"WebPage\",\"@id\":\"https:\/\/cyborg-consulting.de\/jobs\/\",\"url\":\"https:\/\/cyborg-consulting.de\/jobs\/\",\"name\":\"Jobs - Individuelle Softwarel\u00f6sungen &amp; Tech Personalberatung\",\"isPartOf\":{\"@id\":\"https:\/\/cyborg-consulting.de\/#website\"},\"datePublished\":\"2022-10-27T09:13:30+00:00\",\"dateModified\":\"2026-04-06T16:31:33+00:00\",\"breadcrumb\":{\"@id\":\"https:\/\/cyborg-consulting.de\/jobs\/#breadcrumb\"},\"inLanguage\":\"fr-FR\",\"potentialAction\":[{\"@type\":\"ReadAction\",\"target\":[\"https:\/\/cyborg-consulting.de\/jobs\/\"]}]},{\"@type\":\"BreadcrumbList\",\"@id\":\"https:\/\/cyborg-consulting.de\/jobs\/#breadcrumb\",\"itemListElement\":[{\"@type\":\"ListItem\",\"position\":1,\"name\":\"Home\",\"item\":\"https:\/\/cyborg-consulting.de\/\"},{\"@type\":\"ListItem\",\"position\":2,\"name\":\"Jobs\"}]},{\"@type\":\"WebSite\",\"@id\":\"https:\/\/cyborg-consulting.de\/#website\",\"url\":\"https:\/\/cyborg-consulting.de\/\",\"name\":\"Individuelle Softwarel\u00f6sungen &amp; Tech Personalberatung\",\"description\":\"Eine andere WordPress-Site.\",\"publisher\":{\"@id\":\"https:\/\/cyborg-consulting.de\/#organization\"},\"potentialAction\":[{\"@type\":\"SearchAction\",\"target\":{\"@type\":\"EntryPoint\",\"urlTemplate\":\"https:\/\/cyborg-consulting.de\/?s={search_term_string}\"},\"query-input\":\"required name=search_term_string\"}],\"inLanguage\":\"fr-FR\"},{\"@type\":\"Organization\",\"@id\":\"https:\/\/cyborg-consulting.de\/#organization\",\"name\":\"CybOrg Consulting\",\"url\":\"https:\/\/cyborg-consulting.de\/\",\"logo\":{\"@type\":\"ImageObject\",\"inLanguage\":\"fr-FR\",\"@id\":\"https:\/\/cyborg-consulting.de\/#\/schema\/logo\/image\/\",\"url\":\"https:\/\/cyborg-consulting.de\/wp-content\/uploads\/2022\/11\/logo-1-1.png\",\"contentUrl\":\"https:\/\/cyborg-consulting.de\/wp-content\/uploads\/2022\/11\/logo-1-1.png\",\"width\":250,\"height\":150,\"caption\":\"CybOrg Consulting\"},\"image\":{\"@id\":\"https:\/\/cyborg-consulting.de\/#\/schema\/logo\/image\/\"}}]}<\/script>\n<!-- \/ Yoast SEO plugin. -->","yoast_head_json":{"title":"Jobs - Individuelle Softwarel\u00f6sungen &amp; Tech Personalberatung","robots":{"index":"index","follow":"follow","max-snippet":"max-snippet:-1","max-image-preview":"max-image-preview:large","max-video-preview":"max-video-preview:-1"},"canonical":"https:\/\/cyborg-consulting.de\/fr\/jobs\/","og_locale":"fr_FR","og_type":"article","og_title":"Jobs - Individuelle Softwarel\u00f6sungen &amp; Tech Personalberatung","og_description":"Die erste Adresse f\u00fcr Deine Berufliche Neuorientierung. Wir unterst\u00fctzen Dich auf dem Weg zum n\u00e4chsten Karriereschritt und bei der Suche nach dem passenden Job im idealen Unternehmen. Upgrade your career! Entdecke Deinen Wunschjob bei CybOrg. JETZT BEWERBEN! Du hast nicht die Stelle gefunden, nach der Du suchst, oder hast andere F\u00e4higkeiten, die zu uns passen? [&hellip;]","og_url":"https:\/\/cyborg-consulting.de\/fr\/jobs\/","og_site_name":"Individuelle Softwarel\u00f6sungen &amp; Tech Personalberatung","article_modified_time":"2026-04-06T16:31:33+00:00","og_image":[{"url":"https:\/\/cyborg-consulting.de\/wp-content\/uploads\/brizy\/imgs\/pexels-fauxels-3184634-scaled-843x562x144x0x555x562x1669498426.jpg"}],"twitter_card":"summary_large_image","schema":{"@context":"https:\/\/schema.org","@graph":[{"@type":"WebPage","@id":"https:\/\/cyborg-consulting.de\/jobs\/","url":"https:\/\/cyborg-consulting.de\/jobs\/","name":"Jobs - Individuelle Softwarel\u00f6sungen &amp; Tech Personalberatung","isPartOf":{"@id":"https:\/\/cyborg-consulting.de\/#website"},"datePublished":"2022-10-27T09:13:30+00:00","dateModified":"2026-04-06T16:31:33+00:00","breadcrumb":{"@id":"https:\/\/cyborg-consulting.de\/jobs\/#breadcrumb"},"inLanguage":"fr-FR","potentialAction":[{"@type":"ReadAction","target":["https:\/\/cyborg-consulting.de\/jobs\/"]}]},{"@type":"BreadcrumbList","@id":"https:\/\/cyborg-consulting.de\/jobs\/#breadcrumb","itemListElement":[{"@type":"ListItem","position":1,"name":"Home","item":"https:\/\/cyborg-consulting.de\/"},{"@type":"ListItem","position":2,"name":"Jobs"}]},{"@type":"WebSite","@id":"https:\/\/cyborg-consulting.de\/#website","url":"https:\/\/cyborg-consulting.de\/","name":"Solutions logicielles personnalis\u00e9es &amp; Tech Conseil en ressources humaines","description":"Un autre site WordPress.","publisher":{"@id":"https:\/\/cyborg-consulting.de\/#organization"},"potentialAction":[{"@type":"SearchAction","target":{"@type":"EntryPoint","urlTemplate":"https:\/\/cyborg-consulting.de\/?s={search_term_string}"},"query-input":"required name=search_term_string"}],"inLanguage":"fr-FR"},{"@type":"Organization","@id":"https:\/\/cyborg-consulting.de\/#organization","name":"CybOrg Consulting","url":"https:\/\/cyborg-consulting.de\/","logo":{"@type":"ImageObject","inLanguage":"fr-FR","@id":"https:\/\/cyborg-consulting.de\/#\/schema\/logo\/image\/","url":"https:\/\/cyborg-consulting.de\/wp-content\/uploads\/2022\/11\/logo-1-1.png","contentUrl":"https:\/\/cyborg-consulting.de\/wp-content\/uploads\/2022\/11\/logo-1-1.png","width":250,"height":150,"caption":"CybOrg Consulting"},"image":{"@id":"https:\/\/cyborg-consulting.de\/#\/schema\/logo\/image\/"}}]}},"brizy_media":[{"id":169,"url":"https:\/\/cyborg-consulting.de\/wp-content\/uploads\/2022\/10\/56d559f711865d941b7c4fe7526af29e.jpg","name":"56d559f711865d941b7c4fe7526af29e.jpg","meta":{"brizy_attachment_uid":"56d559f711865d941b7c4fe7526af29e.jpg","brizy_post_uid":["53cc8eddf4f1834781b94c931798cb5b","8feabb48c38d61f331c289336042873c"]}},{"id":1602,"url":"https:\/\/cyborg-consulting.de\/wp-content\/uploads\/2022\/11\/pexels-fauxels-3184634-scaled.jpg","name":"pexels-fauxels-3184634.jpg","meta":{"brizy_attachment_uid":"wp-a4ae14153fbc563b718db3c0be1d612d.jpg","brizy_post_uid":["8feabb48c38d61f331c289336042873c"]}},{"id":1606,"url":"https:\/\/cyborg-consulting.de\/wp-content\/uploads\/2022\/11\/Sans-titre-2.png","name":"Sans-titre-2.png","meta":{"brizy_attachment_uid":"wp-5206c06f138084e9f2c4a0a849f49a5f.png","brizy_post_uid":["8feabb48c38d61f331c289336042873c"]}}],"_links":{"self":[{"href":"http:\/\/cyborg-consulting.de\/fr\/wp-json\/wp\/v2\/pages\/86"}],"collection":[{"href":"http:\/\/cyborg-consulting.de\/fr\/wp-json\/wp\/v2\/pages"}],"about":[{"href":"http:\/\/cyborg-consulting.de\/fr\/wp-json\/wp\/v2\/types\/page"}],"author":[{"embeddable":true,"href":"http:\/\/cyborg-consulting.de\/fr\/wp-json\/wp\/v2\/users\/1"}],"replies":[{"embeddable":true,"href":"http:\/\/cyborg-consulting.de\/fr\/wp-json\/wp\/v2\/comments?post=86"}],"version-history":[{"count":23,"href":"http:\/\/cyborg-consulting.de\/fr\/wp-json\/wp\/v2\/pages\/86\/revisions"}],"predecessor-version":[{"id":1836,"href":"http:\/\/cyborg-consulting.de\/fr\/wp-json\/wp\/v2\/pages\/86\/revisions\/1836"}],"wp:attachment":[{"href":"http:\/\/cyborg-consulting.de\/fr\/wp-json\/wp\/v2\/media?parent=86"}],"curies":[{"name":"wp","href":"https:\/\/api.w.org\/{rel}","templated":true}]}}